{"id":6,"date":"2025-04-24T15:28:48","date_gmt":"2025-04-24T12:28:48","guid":{"rendered":"http:\/\/localhost:8888\/cengizteknik\/?page_id=6"},"modified":"2025-04-29T23:28:49","modified_gmt":"2025-04-29T20:28:49","slug":"anasayfa","status":"publish","type":"page","link":"https:\/\/cengizteknik.com\/","title":{"rendered":"Anasayfa"},"content":{"rendered":"<section class=\"l-section wpb_row height_auto\"><div class=\"l-section-h i-cf\"><div class=\"g-cols vc_row via_grid cols_1 laptops-cols_inherit tablets-cols_inherit mobiles-cols_1 valign_top type_default stacking_default\"><div class=\"wpb_column vc_column_container\"><div class=\"vc_column-inner\">\n\t\t\t\t<p class=\"rs-p-wp-fix\"><\/p>\n\t\t\t\t<sr7-module data-alias=\"slider-home\" data-id=\"1\" id=\"SR7_1_1\" class=\"rs-ov-hidden\" data-version=\"6.7.32\">\n\t\t\t\t\t<sr7-adjuster><\/sr7-adjuster>\n\t\t\t\t\t<sr7-content>\n\t\t\t\t\t\t<sr7-slide id=\"SR7_1_1-1\" data-key=\"1\">\n\t\t\t\t\t\t\t<sr7-txt id=\"SR7_1_1-1-1\" class=\"sr7-layer\">Yerinde Y\u00fcksek<br \/>\nHassasiyetli<br \/>\nTornalama<br \/>\nHizmetleri<\/sr7-txt>\n\t\t\t\t\t\t\t<sr7-txt id=\"SR7_1_1-1-2\" class=\"sr7-layer\">\u00c7ap\u0131 1600 mm\u2019ye kadar olan par\u00e7alar i\u00e7in yerinde, demontajs\u0131z tornalama hizmeti sunuyoruz. Lazer hizalama ile hassas s\u0131f\u0131rlama ve y\u00fczey d\u00fczeltme i\u015flemleri yap\u0131yoruz.<\/sr7-txt>\n\t\t\t\t\t\t\t<sr7-txt id=\"SR7_1_1-1-3\" class=\"sr7-layer\">DETAYLI B\u0130LG\u0130 AL<\/sr7-txt>\n\t\t\t\t\t\t<\/sr7-slide>\n\t\t\t\t\t\t<sr7-slide id=\"SR7_1_1-2\" data-key=\"2\">\n\t\t\t\t\t\t<\/sr7-slide>\n\t\t\t\t\t<\/sr7-content>\n\t\t\t\t\t<image_lists style=\"display:none\">\n\t\t\t\t\t\t<img data-src=\"\/\/cengizteknik.com\/wp-content\/uploads\/2025\/04\/WhatsApp-Image-2025-04-22-at-00.51.10.jpeg\" data-libid=\"15\" data-lib=\"medialibrary\" title=\"WhatsApp Image 2025-04-22 at 00.51.10\" width=\"0\" height=\"0\" data-dbsrc=\"Ly9jZW5naXp0ZWtuaWsuY29tL3dwLWNvbnRlbnQvdXBsb2Fkcy8yMDI1LzA0L1doYXRzQXBwLUltYWdlLTIwMjUtMDQtMjItYXQtMDAuNTEuMTAuanBlZw==\"\/>\n\t\t\t\t\t<\/image_lists>\n\t\t\t\t<\/sr7-module>\n\t\t\t\t<script>\n\t\t\t\t\tSR7.PMH ??={}; SR7.PMH[\"SR7_1_1\"] = {cn:100,state:false,fn: function() { if (_tpt!==undefined && _tpt.prepareModuleHeight !== undefined) {  _tpt.prepareModuleHeight({id:\"SR7_1_1\",el:[600,600,600,600,330],type:'hero',shdw:'0',gh:[600,600,600,600,330],gw:[1920,1920,1920,1920,480],vpt:['-100px&#039;,&#039;-100px&#039;,&#039;-100px&#039;,&#039;-100px&#039;,&#039;-100px'],size:{fullWidth:true, fullHeight:false},mh:'0',onh:0,onw:0,bg:{color:'{\"orig\":\"transparent\",\"type\":\"solid\",\"string\":\"transparent\"}'}});   SR7.PMH[\"SR7_1_1\"].state=true;} else if(SR7.PMH[\"SR7_1_1\"].cn-->0)\tsetTimeout( SR7.PMH[\"SR7_1_1\"].fn,19);}};SR7.PMH[\"SR7_1_1\" ].fn();\n\t\t\t\t<\/script>\n<\/div><\/div><\/div><\/div><\/section><section class=\"l-section wpb_row height_large width_custom\" style=\"--site-content-width:1440px;\" id=\"hakkimizda\"><div class=\"l-section-h i-cf\"><div class=\"g-cols vc_row via_grid cols_1 laptops-cols_inherit tablets-cols_inherit mobiles-cols_1 valign_middle type_default stacking_default\"><div class=\"wpb_column vc_column_container\"><div class=\"vc_column-inner\"><div class=\"g-cols wpb_row via_grid cols_1 laptops-cols_inherit tablets-cols_inherit mobiles-cols_1 valign_top type_default stacking_default\" style=\"--columns-gap:3rem;\"><div class=\"wpb_column vc_column_container\"><div class=\"vc_column-inner\"><div class=\"wpb_text_column us_custom_55184b24 services\"><div class=\"wpb_wrapper\"><p>HAKKIMIZDA<\/p>\n<\/div><\/div><\/div><\/div><\/div><div class=\"g-cols wpb_row via_grid cols_2 laptops-cols_inherit tablets-cols_inherit mobiles-cols_1 valign_top type_default stacking_default\" style=\"--columns-gap:3rem;\"><div class=\"wpb_column vc_column_container\"><div class=\"vc_column-inner\"><div class=\"w-separator size_custom\" style=\"height:3vh\"><\/div><div class=\"wpb_text_column\"><div class=\"wpb_wrapper\"><p>20 y\u0131l\u0131 a\u015fk\u0131n tecr\u00fcbemizle tala\u015fl\u0131 imalat hizmetleri sunuyoruz.<br \/>\n\u00c7ap\u0131 1600 mm\u2019ye kadar t\u00fcm par\u00e7alar\u0131n i\u015flenece\u011fi sahada \u00fcretimini ger\u00e7ekle\u015ftiriyoruz.<\/p>\n<p>Gemi \u015faft kaplin delikleri, \u015faft yatak yerleri ve hub pervane tamirat\u0131 konular\u0131nda uzmanl\u0131k sahibiyiz. Borwerk ve b\u00fcy\u00fck \u00e7apl\u0131 torna tezg\u00e2hlar\u0131m\u0131z, mobil CNC tornalama ve lazer hizalama ekipmanlar\u0131m\u0131z sayesinde, demontaj gerektirmeyen i\u015flemleri mikron toleranslar\u0131nda tamaml\u0131yoruz.<\/p>\n<p>\u00c7\u00f6z\u00fcm odakl\u0131 yakla\u015f\u0131m\u0131m\u0131zla, lazer cihazlar\u0131na g\u00f6re hassas ayar ve \u00fcretim yaparak m\u00fc\u015fterilerimizin ihtiya\u00e7lar\u0131na en \u00fcst d\u00fczeyde kar\u015f\u0131l\u0131k veriyoruz.<\/p>\n<\/div><\/div><\/div><\/div><div class=\"wpb_column vc_column_container\"><div class=\"vc_column-inner\"><div class=\"w-image align_none\"><div class=\"w-image-h\"><img decoding=\"async\" width=\"1000\" height=\"781\" src=\"https:\/\/cengizteknik.com\/wp-content\/uploads\/2025\/04\/hakkimizda-gorsel.jpg\" class=\"attachment-full size-full\" alt=\"\" loading=\"lazy\" srcset=\"https:\/\/cengizteknik.com\/wp-content\/uploads\/2025\/04\/hakkimizda-gorsel.jpg 1000w, https:\/\/cengizteknik.com\/wp-content\/uploads\/2025\/04\/hakkimizda-gorsel-300x234.jpg 300w\" sizes=\"auto, (max-width: 1000px) 100vw, 1000px\" \/><\/div><\/div><\/div><\/div><\/div><\/div><\/div><\/div><\/div><\/section><section class=\"l-section wpb_row height_medium width_custom\" style=\"--site-content-width:1440px;\" id=\"hizmetlerimiz\"><div class=\"l-section-h i-cf\"><div class=\"g-cols vc_row via_grid cols_1 laptops-cols_inherit tablets-cols_inherit mobiles-cols_1 valign_top type_default stacking_default\"><div class=\"wpb_column vc_column_container\"><div class=\"vc_column-inner\"><div class=\"g-cols wpb_row via_grid cols_1 laptops-cols_inherit tablets-cols_inherit mobiles-cols_1 valign_top type_default stacking_default\" style=\"--columns-gap:3rem;\"><div class=\"wpb_column vc_column_container\"><div class=\"vc_column-inner\"><div class=\"wpb_text_column us_custom_55184b24 services\"><div class=\"wpb_wrapper\"><p>H\u0130ZMETLER\u0130M\u0130Z<\/p>\n<\/div><\/div><\/div><\/div><\/div><div class=\"g-cols wpb_row via_grid cols_3 laptops-cols_inherit tablets-cols_inherit mobiles-cols_1 valign_top type_default stacking_default\" style=\"--columns-gap:3rem;\"><div class=\"wpb_column vc_column_container services-box\"><div class=\"vc_column-inner\"><div class=\"wpb_text_column services-title\"><div class=\"wpb_wrapper\"><p>Gemi Tahrik Sistemleri \u0130\u00e7in Hassas \u0130malat \u00c7\u00f6z\u00fcmleri<\/p>\n<\/div><\/div><div class=\"wpb_text_column services-description\"><div class=\"wpb_wrapper\"><p>Biz, tahrik sistemlerinin ba\u011flant\u0131 civatalar\u0131 ve montaj y\u00fczeyleri gibi kritik noktalar\u0131 i\u00e7in mikron hassasiyetinde tala\u015fl\u0131 imalat hizmetini at\u00f6lye hassassiyetinde sunuyoruz.<\/p>\n<\/div><\/div><\/div><\/div><div class=\"wpb_column vc_column_container services-box\"><div class=\"vc_column-inner\"><div class=\"wpb_text_column services-title\"><div class=\"wpb_wrapper\"><p>\u015eaft &#8211; Pervane Birle\u015fimi<\/p>\n<\/div><\/div><div class=\"wpb_text_column services-description\"><div class=\"wpb_wrapper\"><p>Pervane ve \u015faft birle\u015fim y\u00fczeylerinde y\u00fcksek tork aktar\u0131m\u0131 ve uzun \u00f6m\u00fcrl\u00fc kullan\u0131m i\u00e7in hassas al\u0131\u015ft\u0131rma ve i\u015fleme hizmetleri sunuyoruz. <\/p>\n<\/div><\/div><\/div><\/div><div class=\"wpb_column vc_column_container services-box\"><div class=\"vc_column-inner\"><div class=\"wpb_text_column services-title\"><div class=\"wpb_wrapper\"><p>Yerinde Flan\u015f D\u00fczle\u015ftirme ve Y\u00fczey \u0130\u015fleme<\/p>\n<\/div><\/div><div class=\"wpb_text_column services-description\"><div class=\"wpb_wrapper\"><p>Seyyar flan\u015f y\u00fczey tornalama, yerinde m\u00fcdahale edilmesi gereken b\u00fcy\u00fck \u00e7apl\u0131 montaj y\u00fczeylerinde y\u00fcksek d\u00fczlemsellik sa\u011flamak i\u00e7in uygulad\u0131\u011f\u0131m\u0131z \u00f6zel bir \u00e7\u00f6z\u00fcmd\u00fcr. <\/p>\n<\/div><\/div><\/div><\/div><\/div><div class=\"g-cols wpb_row us_custom_61013b16 via_grid cols_3 laptops-cols_inherit tablets-cols_inherit mobiles-cols_1 valign_top type_default stacking_default\" style=\"--columns-gap:3rem;\"><div class=\"wpb_column vc_column_container services-box\"><div class=\"vc_column-inner\"><div class=\"wpb_text_column services-title\"><div class=\"wpb_wrapper\"><p>Yerinde \u015eaft \u00c7ap \u0130\u015fleme ve Tornalama<\/p>\n<\/div><\/div><div class=\"wpb_text_column services-description\"><div class=\"wpb_wrapper\"><p>\u015eaft \u00fczerinde demontaj gerektirmeden, mikron toleranslar\u0131nda \u00e7ap tornalama i\u015flemi ger\u00e7ekle\u015ftiriyoruz.<\/p>\n<\/div><\/div><\/div><\/div><div class=\"wpb_column vc_column_container services-box\"><div class=\"vc_column-inner\"><div class=\"wpb_text_column services-title\"><div class=\"wpb_wrapper\"><p>CPP Pervane Revizyon ve Kalibrasyon<\/p>\n<\/div><\/div><div class=\"wpb_text_column services-description\"><div class=\"wpb_wrapper\"><p>CPP Hub sistemlerinin revizyon ve tala\u015fl\u0131 imalat s\u00fcre\u00e7lerini; kalibrasyon i\u015flemlerini hassas test ekipmanlar\u0131 ve CNC tezgahlar\u0131m\u0131zla ger\u00e7ekle\u015ftiriyoruz.<\/p>\n<\/div><\/div><\/div><\/div><div class=\"wpb_column vc_column_container services-box\"><div class=\"vc_column-inner\"><div class=\"wpb_text_column services-title\"><div class=\"wpb_wrapper\"><p>Yerinde Y\u00fcksek Hassasiyetli Tornalama<\/p>\n<\/div><\/div><div class=\"wpb_text_column services-description\"><div class=\"wpb_wrapper\"><p>\u00c7ap\u0131 1200 mm\u2019ye kadar olan par\u00e7alar\u0131n \u00e7ap ve y\u00fczey i\u015fleme i\u015flemlerini demontajs\u0131z, mobil CNC tornalama y\u00f6ntemleri ile ger\u00e7ekle\u015ftiriyoruz.<\/p>\n<\/div><\/div><\/div><\/div><\/div><\/div><\/div><\/div><\/div><\/section><section class=\"l-section wpb_row height_medium width_custom\" style=\"--site-content-width:1440px;\" id=\"galeri\"><div class=\"l-section-h i-cf\"><div class=\"g-cols vc_row via_grid cols_1 laptops-cols_inherit tablets-cols_inherit mobiles-cols_1 valign_top type_default stacking_default\"><div class=\"wpb_column vc_column_container\"><div class=\"vc_column-inner\"><div class=\"g-cols wpb_row via_grid cols_1 laptops-cols_inherit tablets-cols_inherit mobiles-cols_1 valign_top type_default stacking_default\" style=\"--columns-gap:3rem;\"><div class=\"wpb_column vc_column_container\"><div class=\"vc_column-inner\"><div class=\"wpb_text_column us_custom_55184b24 services\"><div class=\"wpb_wrapper\"><p>GALER\u0130<\/p>\n<\/div><\/div><\/div><\/div><\/div><div class=\"g-cols wpb_row via_grid cols_1 laptops-cols_inherit tablets-cols_inherit mobiles-cols_1 valign_top type_default stacking_default\" style=\"--columns-gap:3rem;\"><div class=\"wpb_column vc_column_container\"><div class=\"vc_column-inner\"><div class=\"w-gallery fit_cover type_masonry action_popup_image with_isotope ratio_auto count_14\" style=\"--columns:4;--items-gap:5px;\"><div class=\"w-gallery-list\"><div class=\"w-gallery-item\"><div class=\"w-gallery-item-img\"><img loading=\"lazy\" decoding=\"async\" width=\"1500\" height=\"2000\" src=\"https:\/\/cengizteknik.com\/wp-content\/uploads\/2025\/04\/WhatsApp-Image-2025-04-22-at-00.51.10-1.jpeg\" class=\"attachment-full size-full\" alt=\"\" srcset=\"https:\/\/cengizteknik.com\/wp-content\/uploads\/2025\/04\/WhatsApp-Image-2025-04-22-at-00.51.10-1.jpeg 1500w, https:\/\/cengizteknik.com\/wp-content\/uploads\/2025\/04\/WhatsApp-Image-2025-04-22-at-00.51.10-1-225x300.jpeg 225w, https:\/\/cengizteknik.com\/wp-content\/uploads\/2025\/04\/WhatsApp-Image-2025-04-22-at-00.51.10-1-768x1024.jpeg 768w\" sizes=\"auto, (max-width: 1500px) 100vw, 1500px\" \/><\/div><a class=\"w-gallery-item-link\" aria-label=\"WhatsApp Image 2025-04-22 at 00.51.10 (1)\" href=\"https:\/\/cengizteknik.com\/wp-content\/uploads\/2025\/04\/WhatsApp-Image-2025-04-22-at-00.51.10-1.jpeg\"><\/a><\/div><div class=\"w-gallery-item\"><div class=\"w-gallery-item-img\"><img loading=\"lazy\" decoding=\"async\" width=\"1500\" height=\"2000\" src=\"https:\/\/cengizteknik.com\/wp-content\/uploads\/2025\/04\/WhatsApp-Image-2025-04-22-at-00.51.10-2.jpeg\" class=\"attachment-full size-full\" alt=\"\" srcset=\"https:\/\/cengizteknik.com\/wp-content\/uploads\/2025\/04\/WhatsApp-Image-2025-04-22-at-00.51.10-2.jpeg 1500w, https:\/\/cengizteknik.com\/wp-content\/uploads\/2025\/04\/WhatsApp-Image-2025-04-22-at-00.51.10-2-225x300.jpeg 225w, https:\/\/cengizteknik.com\/wp-content\/uploads\/2025\/04\/WhatsApp-Image-2025-04-22-at-00.51.10-2-768x1024.jpeg 768w\" sizes=\"auto, (max-width: 1500px) 100vw, 1500px\" \/><\/div><a class=\"w-gallery-item-link\" aria-label=\"WhatsApp Image 2025-04-22 at 00.51.10\" href=\"https:\/\/cengizteknik.com\/wp-content\/uploads\/2025\/04\/WhatsApp-Image-2025-04-22-at-00.51.10-2.jpeg\"><\/a><\/div><div class=\"w-gallery-item\"><div class=\"w-gallery-item-img\"><img loading=\"lazy\" decoding=\"async\" width=\"738\" height=\"1600\" src=\"https:\/\/cengizteknik.com\/wp-content\/uploads\/2025\/04\/WhatsApp-Image-2025-04-22-at-00.49.14.jpeg\" class=\"attachment-full size-full\" alt=\"\" srcset=\"https:\/\/cengizteknik.com\/wp-content\/uploads\/2025\/04\/WhatsApp-Image-2025-04-22-at-00.49.14.jpeg 738w, https:\/\/cengizteknik.com\/wp-content\/uploads\/2025\/04\/WhatsApp-Image-2025-04-22-at-00.49.14-138x300.jpeg 138w, https:\/\/cengizteknik.com\/wp-content\/uploads\/2025\/04\/WhatsApp-Image-2025-04-22-at-00.49.14-472x1024.jpeg 472w\" sizes=\"auto, (max-width: 738px) 100vw, 738px\" \/><\/div><a class=\"w-gallery-item-link\" aria-label=\"WhatsApp Image 2025-04-22 at 00.49.14\" href=\"https:\/\/cengizteknik.com\/wp-content\/uploads\/2025\/04\/WhatsApp-Image-2025-04-22-at-00.49.14.jpeg\"><\/a><\/div><div class=\"w-gallery-item\"><div class=\"w-gallery-item-img\"><img loading=\"lazy\" decoding=\"async\" width=\"945\" height=\"2048\" src=\"https:\/\/cengizteknik.com\/wp-content\/uploads\/2025\/04\/WhatsApp-Image-2025-04-22-at-00.38.52-2.jpeg\" class=\"attachment-full size-full\" alt=\"\" srcset=\"https:\/\/cengizteknik.com\/wp-content\/uploads\/2025\/04\/WhatsApp-Image-2025-04-22-at-00.38.52-2.jpeg 945w, https:\/\/cengizteknik.com\/wp-content\/uploads\/2025\/04\/WhatsApp-Image-2025-04-22-at-00.38.52-2-138x300.jpeg 138w, https:\/\/cengizteknik.com\/wp-content\/uploads\/2025\/04\/WhatsApp-Image-2025-04-22-at-00.38.52-2-473x1024.jpeg 473w\" sizes=\"auto, (max-width: 945px) 100vw, 945px\" \/><\/div><a class=\"w-gallery-item-link\" aria-label=\"WhatsApp Image 2025-04-22 at 00.38.52 (2)\" href=\"https:\/\/cengizteknik.com\/wp-content\/uploads\/2025\/04\/WhatsApp-Image-2025-04-22-at-00.38.52-2.jpeg\"><\/a><\/div><div class=\"w-gallery-item\"><div class=\"w-gallery-item-img\"><img loading=\"lazy\" decoding=\"async\" width=\"945\" height=\"2048\" src=\"https:\/\/cengizteknik.com\/wp-content\/uploads\/2025\/04\/WhatsApp-Image-2025-04-22-at-00.38.52-1.jpeg\" class=\"attachment-full size-full\" alt=\"\" srcset=\"https:\/\/cengizteknik.com\/wp-content\/uploads\/2025\/04\/WhatsApp-Image-2025-04-22-at-00.38.52-1.jpeg 945w, https:\/\/cengizteknik.com\/wp-content\/uploads\/2025\/04\/WhatsApp-Image-2025-04-22-at-00.38.52-1-138x300.jpeg 138w, https:\/\/cengizteknik.com\/wp-content\/uploads\/2025\/04\/WhatsApp-Image-2025-04-22-at-00.38.52-1-473x1024.jpeg 473w\" sizes=\"auto, (max-width: 945px) 100vw, 945px\" \/><\/div><a class=\"w-gallery-item-link\" aria-label=\"WhatsApp Image 2025-04-22 at 00.38.52 (1)\" href=\"https:\/\/cengizteknik.com\/wp-content\/uploads\/2025\/04\/WhatsApp-Image-2025-04-22-at-00.38.52-1.jpeg\"><\/a><\/div><div class=\"w-gallery-item\"><div class=\"w-gallery-item-img\"><img loading=\"lazy\" decoding=\"async\" width=\"945\" height=\"2048\" src=\"https:\/\/cengizteknik.com\/wp-content\/uploads\/2025\/04\/WhatsApp-Image-2025-04-22-at-00.38.52.jpeg\" class=\"attachment-full size-full\" alt=\"\" srcset=\"https:\/\/cengizteknik.com\/wp-content\/uploads\/2025\/04\/WhatsApp-Image-2025-04-22-at-00.38.52.jpeg 945w, https:\/\/cengizteknik.com\/wp-content\/uploads\/2025\/04\/WhatsApp-Image-2025-04-22-at-00.38.52-138x300.jpeg 138w, https:\/\/cengizteknik.com\/wp-content\/uploads\/2025\/04\/WhatsApp-Image-2025-04-22-at-00.38.52-473x1024.jpeg 473w\" sizes=\"auto, (max-width: 945px) 100vw, 945px\" \/><\/div><a class=\"w-gallery-item-link\" aria-label=\"WhatsApp Image 2025-04-22 at 00.38.52\" href=\"https:\/\/cengizteknik.com\/wp-content\/uploads\/2025\/04\/WhatsApp-Image-2025-04-22-at-00.38.52.jpeg\"><\/a><\/div><div class=\"w-gallery-item\"><div class=\"w-gallery-item-img\"><img loading=\"lazy\" decoding=\"async\" width=\"1500\" height=\"2000\" src=\"https:\/\/cengizteknik.com\/wp-content\/uploads\/2025\/04\/WhatsApp-Image-2025-04-21-at-23.32.34-1.jpeg\" class=\"attachment-full size-full\" alt=\"\" srcset=\"https:\/\/cengizteknik.com\/wp-content\/uploads\/2025\/04\/WhatsApp-Image-2025-04-21-at-23.32.34-1.jpeg 1500w, https:\/\/cengizteknik.com\/wp-content\/uploads\/2025\/04\/WhatsApp-Image-2025-04-21-at-23.32.34-1-225x300.jpeg 225w, https:\/\/cengizteknik.com\/wp-content\/uploads\/2025\/04\/WhatsApp-Image-2025-04-21-at-23.32.34-1-768x1024.jpeg 768w\" sizes=\"auto, (max-width: 1500px) 100vw, 1500px\" \/><\/div><a class=\"w-gallery-item-link\" aria-label=\"WhatsApp Image 2025-04-21 at 23.32.34 (1)\" href=\"https:\/\/cengizteknik.com\/wp-content\/uploads\/2025\/04\/WhatsApp-Image-2025-04-21-at-23.32.34-1.jpeg\"><\/a><\/div><div class=\"w-gallery-item\"><div class=\"w-gallery-item-img\"><img loading=\"lazy\" decoding=\"async\" width=\"2000\" height=\"1500\" src=\"https:\/\/cengizteknik.com\/wp-content\/uploads\/2025\/04\/WhatsApp-Image-2025-04-21-at-23.32.34.jpeg\" class=\"attachment-full size-full\" alt=\"\" srcset=\"https:\/\/cengizteknik.com\/wp-content\/uploads\/2025\/04\/WhatsApp-Image-2025-04-21-at-23.32.34.jpeg 2000w, https:\/\/cengizteknik.com\/wp-content\/uploads\/2025\/04\/WhatsApp-Image-2025-04-21-at-23.32.34-300x225.jpeg 300w, https:\/\/cengizteknik.com\/wp-content\/uploads\/2025\/04\/WhatsApp-Image-2025-04-21-at-23.32.34-1024x768.jpeg 1024w\" sizes=\"auto, (max-width: 2000px) 100vw, 2000px\" \/><\/div><a class=\"w-gallery-item-link\" aria-label=\"WhatsApp Image 2025-04-21 at 23.32.34\" href=\"https:\/\/cengizteknik.com\/wp-content\/uploads\/2025\/04\/WhatsApp-Image-2025-04-21-at-23.32.34.jpeg\"><\/a><\/div><div class=\"w-gallery-item\"><div class=\"w-gallery-item-img\"><img loading=\"lazy\" decoding=\"async\" width=\"1500\" height=\"2000\" src=\"https:\/\/cengizteknik.com\/wp-content\/uploads\/2025\/04\/WhatsApp-Image-2025-04-21-at-23.32.35-1.jpeg\" class=\"attachment-full size-full\" alt=\"\" srcset=\"https:\/\/cengizteknik.com\/wp-content\/uploads\/2025\/04\/WhatsApp-Image-2025-04-21-at-23.32.35-1.jpeg 1500w, https:\/\/cengizteknik.com\/wp-content\/uploads\/2025\/04\/WhatsApp-Image-2025-04-21-at-23.32.35-1-225x300.jpeg 225w, https:\/\/cengizteknik.com\/wp-content\/uploads\/2025\/04\/WhatsApp-Image-2025-04-21-at-23.32.35-1-768x1024.jpeg 768w\" sizes=\"auto, (max-width: 1500px) 100vw, 1500px\" \/><\/div><a class=\"w-gallery-item-link\" aria-label=\"WhatsApp Image 2025-04-21 at 23.32.35 (1)\" href=\"https:\/\/cengizteknik.com\/wp-content\/uploads\/2025\/04\/WhatsApp-Image-2025-04-21-at-23.32.35-1.jpeg\"><\/a><\/div><div class=\"w-gallery-item\"><div class=\"w-gallery-item-img\"><img loading=\"lazy\" decoding=\"async\" width=\"1200\" height=\"1600\" src=\"https:\/\/cengizteknik.com\/wp-content\/uploads\/2025\/04\/WhatsApp-Image-2025-04-21-at-23.34.50-2.jpeg\" class=\"attachment-full size-full\" alt=\"\" srcset=\"https:\/\/cengizteknik.com\/wp-content\/uploads\/2025\/04\/WhatsApp-Image-2025-04-21-at-23.34.50-2.jpeg 1200w, https:\/\/cengizteknik.com\/wp-content\/uploads\/2025\/04\/WhatsApp-Image-2025-04-21-at-23.34.50-2-225x300.jpeg 225w, https:\/\/cengizteknik.com\/wp-content\/uploads\/2025\/04\/WhatsApp-Image-2025-04-21-at-23.34.50-2-768x1024.jpeg 768w\" sizes=\"auto, (max-width: 1200px) 100vw, 1200px\" \/><\/div><a class=\"w-gallery-item-link\" aria-label=\"WhatsApp Image 2025-04-21 at 23.34.50 (2)\" href=\"https:\/\/cengizteknik.com\/wp-content\/uploads\/2025\/04\/WhatsApp-Image-2025-04-21-at-23.34.50-2.jpeg\"><\/a><\/div><div class=\"w-gallery-item\"><div class=\"w-gallery-item-img\"><img loading=\"lazy\" decoding=\"async\" width=\"1200\" height=\"1600\" src=\"https:\/\/cengizteknik.com\/wp-content\/uploads\/2025\/04\/WhatsApp-Image-2025-04-21-at-23.37.11.jpeg\" class=\"attachment-full size-full\" alt=\"\" srcset=\"https:\/\/cengizteknik.com\/wp-content\/uploads\/2025\/04\/WhatsApp-Image-2025-04-21-at-23.37.11.jpeg 1200w, https:\/\/cengizteknik.com\/wp-content\/uploads\/2025\/04\/WhatsApp-Image-2025-04-21-at-23.37.11-225x300.jpeg 225w, https:\/\/cengizteknik.com\/wp-content\/uploads\/2025\/04\/WhatsApp-Image-2025-04-21-at-23.37.11-768x1024.jpeg 768w\" sizes=\"auto, (max-width: 1200px) 100vw, 1200px\" \/><\/div><a class=\"w-gallery-item-link\" aria-label=\"WhatsApp Image 2025-04-21 at 23.37.11\" href=\"https:\/\/cengizteknik.com\/wp-content\/uploads\/2025\/04\/WhatsApp-Image-2025-04-21-at-23.37.11.jpeg\"><\/a><\/div><div class=\"w-gallery-item\"><div class=\"w-gallery-item-img\"><img loading=\"lazy\" decoding=\"async\" width=\"944\" height=\"1861\" src=\"https:\/\/cengizteknik.com\/wp-content\/uploads\/2025\/04\/galeri01.jpg\" class=\"attachment-full size-full\" alt=\"\" srcset=\"https:\/\/cengizteknik.com\/wp-content\/uploads\/2025\/04\/galeri01.jpg 944w, https:\/\/cengizteknik.com\/wp-content\/uploads\/2025\/04\/galeri01-152x300.jpg 152w, https:\/\/cengizteknik.com\/wp-content\/uploads\/2025\/04\/galeri01-519x1024.jpg 519w\" sizes=\"auto, (max-width: 944px) 100vw, 944px\" \/><\/div><a class=\"w-gallery-item-link\" aria-label=\"galeri01\" href=\"https:\/\/cengizteknik.com\/wp-content\/uploads\/2025\/04\/galeri01.jpg\"><\/a><\/div><div class=\"w-gallery-item\"><div class=\"w-gallery-item-img\"><img loading=\"lazy\" decoding=\"async\" width=\"1200\" height=\"1600\" src=\"https:\/\/cengizteknik.com\/wp-content\/uploads\/2025\/04\/WhatsApp-Image-2025-04-21-at-23.52.51.jpeg\" class=\"attachment-full size-full\" alt=\"\" srcset=\"https:\/\/cengizteknik.com\/wp-content\/uploads\/2025\/04\/WhatsApp-Image-2025-04-21-at-23.52.51.jpeg 1200w, https:\/\/cengizteknik.com\/wp-content\/uploads\/2025\/04\/WhatsApp-Image-2025-04-21-at-23.52.51-225x300.jpeg 225w, https:\/\/cengizteknik.com\/wp-content\/uploads\/2025\/04\/WhatsApp-Image-2025-04-21-at-23.52.51-768x1024.jpeg 768w\" sizes=\"auto, (max-width: 1200px) 100vw, 1200px\" \/><\/div><a class=\"w-gallery-item-link\" aria-label=\"WhatsApp Image 2025-04-21 at 23.52.51\" href=\"https:\/\/cengizteknik.com\/wp-content\/uploads\/2025\/04\/WhatsApp-Image-2025-04-21-at-23.52.51.jpeg\"><\/a><\/div><div class=\"w-gallery-item\"><div class=\"w-gallery-item-img\"><img loading=\"lazy\" decoding=\"async\" width=\"943\" height=\"941\" src=\"https:\/\/cengizteknik.com\/wp-content\/uploads\/2025\/04\/galeri02.jpg\" class=\"attachment-full size-full\" alt=\"\" srcset=\"https:\/\/cengizteknik.com\/wp-content\/uploads\/2025\/04\/galeri02.jpg 943w, https:\/\/cengizteknik.com\/wp-content\/uploads\/2025\/04\/galeri02-300x300.jpg 300w, https:\/\/cengizteknik.com\/wp-content\/uploads\/2025\/04\/galeri02-150x150.jpg 150w\" sizes=\"auto, (max-width: 943px) 100vw, 943px\" \/><\/div><a class=\"w-gallery-item-link\" aria-label=\"galeri02\" href=\"https:\/\/cengizteknik.com\/wp-content\/uploads\/2025\/04\/galeri02.jpg\"><\/a><\/div><\/div><\/div><\/div><\/div><\/div><\/div><\/div><\/div><\/div><\/section><section class=\"l-section wpb_row height_medium width_custom\" style=\"--site-content-width:1440px;\" id=\"iletisim\"><div class=\"l-section-h i-cf\"><div class=\"g-cols vc_row via_grid cols_1 laptops-cols_inherit tablets-cols_inherit mobiles-cols_1 valign_top type_default stacking_default\"><div class=\"wpb_column vc_column_container\"><div class=\"vc_column-inner\"><div class=\"g-cols wpb_row via_grid cols_1 laptops-cols_inherit tablets-cols_inherit mobiles-cols_1 valign_top type_default stacking_default\" style=\"--columns-gap:3rem;\"><div class=\"wpb_column vc_column_container\"><div class=\"vc_column-inner\"><div class=\"wpb_text_column us_custom_55184b24 services\"><div class=\"wpb_wrapper\"><p>\u0130LET\u0130\u015e\u0130M<\/p>\n<\/div><\/div><\/div><\/div><\/div><div class=\"g-cols wpb_row via_grid cols_2 laptops-cols_inherit tablets-cols_inherit mobiles-cols_1 valign_top type_default stacking_default\" style=\"--columns-gap:3rem;\"><div class=\"wpb_column vc_column_container\"><div class=\"vc_column-inner\"><div class=\"w-iconbox iconpos_left style_default color_primary align_left no_text\"><div class=\"w-iconbox-icon\" style=\"font-size:24px;\"><i class=\"fas fa-phone-alt\"><\/i><\/div><div class=\"w-iconbox-meta\"><p class=\"w-iconbox-title\" style=\"font-size:16px;\">0530 567 91 31<\/p><\/div><\/div><div class=\"w-iconbox iconpos_left style_default color_primary align_left no_text\"><div class=\"w-iconbox-icon\" style=\"font-size:24px;\"><i class=\"fas fa-map-marker-alt\"><\/i><\/div><div class=\"w-iconbox-meta\"><p class=\"w-iconbox-title\" style=\"font-size:16px;\">Orhanl\u0131 Mah. G\u00fcls\u00fcm Sk. No:6 T\u00fcrker Sanayi Sitesi Tuzla \/ \u0130stanbul<\/p><\/div><\/div><div class=\"w-iconbox iconpos_left style_default color_primary align_left no_text\"><div class=\"w-iconbox-icon\" style=\"font-size:24px;\"><i class=\"fas fa-envelope\"><\/i><\/div><div class=\"w-iconbox-meta\"><p class=\"w-iconbox-title\" style=\"font-size:16px;\">info@cengizteknik.com<\/p><\/div><\/div><\/div><\/div><div class=\"wpb_column vc_column_container\"><div class=\"vc_column-inner\"><\/div><\/div><\/div><\/div><\/div><\/div><\/div><\/section>\n","protected":false},"excerpt":{"rendered":"Yerinde Y\u00fcksek Hassasiyetli Tornalama Hizmetleri \u00c7ap\u0131 1600 mm\u2019ye kadar olan par\u00e7alar i\u00e7in yerinde, demontajs\u0131z tornalama hizmeti sunuyoruz. Lazer hizalama ile hassas s\u0131f\u0131rlama ve y\u00fczey d\u00fczeltme i\u015flemleri yap\u0131yoruz. DETAYLI B\u0130LG\u0130 AL HAKKIMIZDA 20 y\u0131l\u0131 a\u015fk\u0131n tecr\u00fcbemizle tala\u015fl\u0131 imalat hizmetleri sunuyoruz. \u00c7ap\u0131 1600 mm\u2019ye kadar t\u00fcm par\u00e7alar\u0131n i\u015flenece\u011fi sahada \u00fcretimini ger\u00e7ekle\u015ftiriyoruz. Gemi \u015faft kaplin delikleri, \u015faft yatak...","protected":false},"author":1,"featured_media":0,"parent":0,"menu_order":0,"comment_status":"closed","ping_status":"closed","template":"","meta":{"footnotes":""},"class_list":["post-6","page","type-page","status-publish","hentry"],"_links":{"self":[{"href":"https:\/\/cengizteknik.com\/index.php?rest_route=\/wp\/v2\/pages\/6","targetHints":{"allow":["GET"]}}],"collection":[{"href":"https:\/\/cengizteknik.com\/index.php?rest_route=\/wp\/v2\/pages"}],"about":[{"href":"https:\/\/cengizteknik.com\/index.php?rest_route=\/wp\/v2\/types\/page"}],"author":[{"embeddable":true,"href":"https:\/\/cengizteknik.com\/index.php?rest_route=\/wp\/v2\/users\/1"}],"replies":[{"embeddable":true,"href":"https:\/\/cengizteknik.com\/index.php?rest_route=%2Fwp%2Fv2%2Fcomments&post=6"}],"version-history":[{"count":21,"href":"https:\/\/cengizteknik.com\/index.php?rest_route=\/wp\/v2\/pages\/6\/revisions"}],"predecessor-version":[{"id":87,"href":"https:\/\/cengizteknik.com\/index.php?rest_route=\/wp\/v2\/pages\/6\/revisions\/87"}],"wp:attachment":[{"href":"https:\/\/cengizteknik.com\/index.php?rest_route=%2Fwp%2Fv2%2Fmedia&parent=6"}],"curies":[{"name":"wp","href":"https:\/\/api.w.org\/{rel}","templated":true}]}}